{"id":271,"date":"2025-06-03T17:09:22","date_gmt":"2025-06-03T10:09:22","guid":{"rendered":"https:\/\/vietvuongquytuu.vn\/?page_id=271"},"modified":"2025-06-03T17:10:57","modified_gmt":"2025-06-03T10:10:57","slug":"chinh-sach-doi-tra","status":"publish","type":"page","link":"https:\/\/vietvuongquytuu.vn\/?page_id=271","title":{"rendered":"Ch\u00ednh s\u00e1ch \u0111\u1ed5i tr\u1ea3 (Refund\/Return Policy)"},"content":{"rendered":"\n\t<section class=\"section section-banner\" id=\"section_118688207\">\n\t\t<div class=\"section-bg fill\" >\n\t\t\t<img loading=\"lazy\" decoding=\"async\" width=\"3840\" height=\"1306\" src=\"https:\/\/vietvuongquytuu.vn\/wp-content\/uploads\/2024\/06\/Frame-1171277488.png\" class=\"bg\" alt=\"\" srcset=\"https:\/\/vietvuongquytuu.vn\/wp-content\/uploads\/2024\/06\/Frame-1171277488.png 3840w, https:\/\/vietvuongquytuu.vn\/wp-content\/uploads\/2024\/06\/Frame-1171277488-300x102.png 300w, https:\/\/vietvuongquytuu.vn\/wp-content\/uploads\/2024\/06\/Frame-1171277488-1024x348.png 1024w, https:\/\/vietvuongquytuu.vn\/wp-content\/uploads\/2024\/06\/Frame-1171277488-768x261.png 768w, https:\/\/vietvuongquytuu.vn\/wp-content\/uploads\/2024\/06\/Frame-1171277488-1536x522.png 1536w, https:\/\/vietvuongquytuu.vn\/wp-content\/uploads\/2024\/06\/Frame-1171277488-2048x697.png 2048w\" sizes=\"auto, (max-width: 3840px) 100vw, 3840px\" \/>\n\t\t\t\n\t\t\t\n\t\t\t\n\n\t\t<\/div>\n\n\t\t\n\n\t\t<div class=\"section-content relative\">\n\t\t\t\n<div class=\"row row-collapse align-center\"  id=\"row-1383918814\">\n\n\t<div id=\"col-1846762744\" class=\"col medium-11 small-11 large-12\"  >\n\t\t\t\t<div class=\"col-inner\"  >\n\t\t\t\n\t\t\t\n\t<div id=\"text-2030754514\" class=\"text banner-text\">\n\t\t\n<h3 class=\"uppercase\">Ch\u00ednh s\u00e1ch \u0111\u1ed5i tr\u1ea3<\/h3>\n\t\t\n<style>\n#text-2030754514 {\n  text-align: left;\n}\n<\/style>\n\t<\/div>\n\t\n<p>Ch\u00fang t\u00f4i mong mu\u1ed1n \u0111\u1ea3m b\u1ea3o s\u1ef1 h\u00e0i l\u00f2ng cao nh\u1ea5t cho kh\u00e1ch h\u00e0ng khi mua s\u1ea3n ph\u1ea9m:<\/p>\n<ol>\n<li>\u0110\u1ed5i tr\u1ea3 trong 3 ng\u00e0y: Kh\u00e1ch h\u00e0ng \u0111\u01b0\u1ee3c \u0111\u1ed5i s\u1ea3n ph\u1ea9m n\u1ebfu ph\u00e1t hi\u1ec7n l\u1ed7i do s\u1ea3n xu\u1ea5t ho\u1eb7c sai s\u00f3t giao nh\u1eadn.<\/li>\n<li>Kh\u00f4ng ho\u00e0n ti\u1ec1n: S\u1ea3n ph\u1ea9m l\u00e0 r\u01b0\u1ee3u th\u1ef1c ph\u1ea9m, sau khi giao s\u1ebd kh\u00f4ng \u0111\u01b0\u1ee3c ho\u00e0n ti\u1ec1n tr\u1eeb khi c\u00f3 sai l\u1ed7i t\u1eeb ph\u00eda ch\u00fang t\u00f4i.<\/li>\n<\/ol>\n<p>Li\u00ean h\u1ec7 h\u1ed7 tr\u1ee3: M\u1ecdi y\u00eau c\u1ea7u \u0111\u1ed5i tr\u1ea3 xin vui l\u00f2ng g\u1ecdi email ho\u1eb7c li\u00ean h\u1ec7 qua Zalo\/\u0110i\u1ec7n tho\u1ea1i trong v\u00f2ng 72h t\u00ednh t\u1eeb khi nh\u1eadn h\u00e0ng.<\/p>\n\t\t<\/div>\n\t\t\t\t\t<\/div>\n\n\t\n<\/div>\n\t\t<\/div>\n\n\t\t\n<style>\n#section_118688207 {\n  padding-top: 30px;\n  padding-bottom: 30px;\n}\n<\/style>\n\t<\/section>\n\t\n","protected":false},"excerpt":{"rendered":"","protected":false},"author":1,"featured_media":0,"parent":0,"menu_order":0,"comment_status":"closed","ping_status":"closed","template":"page-transparent-header-light.php","meta":{"footnotes":""},"class_list":["post-271","page","type-page","status-publish","hentry"],"_links":{"self":[{"href":"https:\/\/vietvuongquytuu.vn\/index.php?rest_route=\/wp\/v2\/pages\/271","targetHints":{"allow":["GET"]}}],"collection":[{"href":"https:\/\/vietvuongquytuu.vn\/index.php?rest_route=\/wp\/v2\/pages"}],"about":[{"href":"https:\/\/vietvuongquytuu.vn\/index.php?rest_route=\/wp\/v2\/types\/page"}],"author":[{"embeddable":true,"href":"https:\/\/vietvuongquytuu.vn\/index.php?rest_route=\/wp\/v2\/users\/1"}],"replies":[{"embeddable":true,"href":"https:\/\/vietvuongquytuu.vn\/index.php?rest_route=%2Fwp%2Fv2%2Fcomments&post=271"}],"version-history":[{"count":3,"href":"https:\/\/vietvuongquytuu.vn\/index.php?rest_route=\/wp\/v2\/pages\/271\/revisions"}],"predecessor-version":[{"id":274,"href":"https:\/\/vietvuongquytuu.vn\/index.php?rest_route=\/wp\/v2\/pages\/271\/revisions\/274"}],"wp:attachment":[{"href":"https:\/\/vietvuongquytuu.vn\/index.php?rest_route=%2Fwp%2Fv2%2Fmedia&parent=271"}],"curies":[{"name":"wp","href":"https:\/\/api.w.org\/{rel}","templated":true}]}}