{"id":268,"date":"2025-06-03T17:06:39","date_gmt":"2025-06-03T10:06:39","guid":{"rendered":"https:\/\/vietvuongquytuu.vn\/?page_id=268"},"modified":"2025-06-03T17:22:11","modified_gmt":"2025-06-03T10:22:11","slug":"dieu-khoan-su-dung","status":"publish","type":"page","link":"https:\/\/vietvuongquytuu.vn\/?page_id=268","title":{"rendered":"\u0110i\u1ec1u kho\u1ea3n s\u1eed d\u1ee5ng (Terms of Service)"},"content":{"rendered":"\n\t<section class=\"section section-banner\" id=\"section_1326365614\">\n\t\t<div class=\"section-bg fill\" >\n\t\t\t<img loading=\"lazy\" decoding=\"async\" width=\"3840\" height=\"1306\" src=\"https:\/\/vietvuongquytuu.vn\/wp-content\/uploads\/2024\/06\/Frame-1171277488.png\" class=\"bg\" alt=\"\" srcset=\"https:\/\/vietvuongquytuu.vn\/wp-content\/uploads\/2024\/06\/Frame-1171277488.png 3840w, https:\/\/vietvuongquytuu.vn\/wp-content\/uploads\/2024\/06\/Frame-1171277488-300x102.png 300w, https:\/\/vietvuongquytuu.vn\/wp-content\/uploads\/2024\/06\/Frame-1171277488-1024x348.png 1024w, https:\/\/vietvuongquytuu.vn\/wp-content\/uploads\/2024\/06\/Frame-1171277488-768x261.png 768w, https:\/\/vietvuongquytuu.vn\/wp-content\/uploads\/2024\/06\/Frame-1171277488-1536x522.png 1536w, https:\/\/vietvuongquytuu.vn\/wp-content\/uploads\/2024\/06\/Frame-1171277488-2048x697.png 2048w\" sizes=\"auto, (max-width: 3840px) 100vw, 3840px\" \/>\n\t\t\t\n\t\t\t\n\t\t\t\n\n\t\t<\/div>\n\n\t\t\n\n\t\t<div class=\"section-content relative\">\n\t\t\t\n<div class=\"row row-collapse align-center\"  id=\"row-963736629\">\n\n\t<div id=\"col-994963573\" class=\"col medium-11 small-11 large-12\"  >\n\t\t\t\t<div class=\"col-inner\"  >\n\t\t\t\n\t\t\t\n\t<div id=\"text-4255300774\" class=\"text banner-text\">\n\t\t\n<h3 class=\"uppercase\">\u0110i\u1ec1u kho\u1ea3n s\u1eed d\u1ee5ng<\/h3>\n\t\t\n<style>\n#text-4255300774 {\n  text-align: left;\n}\n<\/style>\n\t<\/div>\n\t\n<p>Vi\u1ec7c truy c\u1eadp v\u00e0 s\u1eed d\u1ee5ng website Vi\u1ec7t V\u01b0\u01a1ng Qu\u00fd T\u1eedu \u0111\u1ed3ng ngh\u0129a b\u1ea1n \u0111\u00e3 \u0111\u1ed3ng \u00fd v\u1edbi c\u00e1c \u0111i\u1ec1u kho\u1ea3n sau:<\/p>\n<ol>\n<li>Ng\u01b0\u1eddi s\u1eed d\u1ee5ng \u0111\u1ee7 18 tu\u1ed5i: Trang web v\u00e0 s\u1ea3n ph\u1ea9m ch\u1ec9 d\u00e0nh cho ng\u01b0\u1eddi \u0111\u1ee7 tu\u1ed5i h\u00e0nh vi theo quy \u0111\u1ecbnh ph\u00e1p lu\u1eadt.<\/li>\n<li>N\u1ed9i dung website: T\u1ea5t c\u1ea3 h\u00ecnh \u1ea3nh, n\u1ed9i dung v\u00e0 th\u00f4ng tin tr\u00ean trang thu\u1ed9c quy\u1ec1n s\u1edf h\u1eefu c\u1ee7a ch\u00fang t\u00f4i.<\/li>\n<li>\u0110\u1eb7t h\u00e0ng: M\u1ecdi \u0111\u01a1n \u0111\u1eb7t h\u00e0ng \u0111\u1ec1u c\u00f3 gi\u00e1 tr\u1ecb ph\u00e1p l\u00fd. Ch\u00fang t\u00f4i c\u00f3 quy\u1ec1n hu\u1ef7 \u0111\u01a1n n\u1ebfu nghi ng\u1edd gian l\u1eadn.<\/li>\n<\/ol>\n\t\t<\/div>\n\t\t\t\t\t<\/div>\n\n\t\n<\/div>\n\t\t<\/div>\n\n\t\t\n<style>\n#section_1326365614 {\n  padding-top: 30px;\n  padding-bottom: 30px;\n}\n<\/style>\n\t<\/section>\n\t\n","protected":false},"excerpt":{"rendered":"","protected":false},"author":1,"featured_media":0,"parent":0,"menu_order":0,"comment_status":"closed","ping_status":"closed","template":"page-transparent-header-light.php","meta":{"footnotes":""},"class_list":["post-268","page","type-page","status-publish","hentry"],"_links":{"self":[{"href":"https:\/\/vietvuongquytuu.vn\/index.php?rest_route=\/wp\/v2\/pages\/268","targetHints":{"allow":["GET"]}}],"collection":[{"href":"https:\/\/vietvuongquytuu.vn\/index.php?rest_route=\/wp\/v2\/pages"}],"about":[{"href":"https:\/\/vietvuongquytuu.vn\/index.php?rest_route=\/wp\/v2\/types\/page"}],"author":[{"embeddable":true,"href":"https:\/\/vietvuongquytuu.vn\/index.php?rest_route=\/wp\/v2\/users\/1"}],"replies":[{"embeddable":true,"href":"https:\/\/vietvuongquytuu.vn\/index.php?rest_route=%2Fwp%2Fv2%2Fcomments&post=268"}],"version-history":[{"count":2,"href":"https:\/\/vietvuongquytuu.vn\/index.php?rest_route=\/wp\/v2\/pages\/268\/revisions"}],"predecessor-version":[{"id":270,"href":"https:\/\/vietvuongquytuu.vn\/index.php?rest_route=\/wp\/v2\/pages\/268\/revisions\/270"}],"wp:attachment":[{"href":"https:\/\/vietvuongquytuu.vn\/index.php?rest_route=%2Fwp%2Fv2%2Fmedia&parent=268"}],"curies":[{"name":"wp","href":"https:\/\/api.w.org\/{rel}","templated":true}]}}