{"id":260,"date":"2025-06-03T16:56:16","date_gmt":"2025-06-03T09:56:16","guid":{"rendered":"https:\/\/vietvuongquytuu.vn\/?page_id=260"},"modified":"2025-06-03T17:21:24","modified_gmt":"2025-06-03T10:21:24","slug":"chinh-sach-bao-mat","status":"publish","type":"page","link":"https:\/\/vietvuongquytuu.vn\/?page_id=260","title":{"rendered":"Ch\u00ednh s\u00e1ch b\u1ea3o m\u1eadt (Privacy Policy)"},"content":{"rendered":"\n\t<section class=\"section section-banner\" id=\"section_1936213289\">\n\t\t<div class=\"section-bg fill\" >\n\t\t\t<img loading=\"lazy\" decoding=\"async\" width=\"3840\" height=\"1306\" src=\"https:\/\/vietvuongquytuu.vn\/wp-content\/uploads\/2024\/06\/Frame-1171277488.png\" class=\"bg\" alt=\"\" srcset=\"https:\/\/vietvuongquytuu.vn\/wp-content\/uploads\/2024\/06\/Frame-1171277488.png 3840w, https:\/\/vietvuongquytuu.vn\/wp-content\/uploads\/2024\/06\/Frame-1171277488-300x102.png 300w, https:\/\/vietvuongquytuu.vn\/wp-content\/uploads\/2024\/06\/Frame-1171277488-1024x348.png 1024w, https:\/\/vietvuongquytuu.vn\/wp-content\/uploads\/2024\/06\/Frame-1171277488-768x261.png 768w, https:\/\/vietvuongquytuu.vn\/wp-content\/uploads\/2024\/06\/Frame-1171277488-1536x522.png 1536w, https:\/\/vietvuongquytuu.vn\/wp-content\/uploads\/2024\/06\/Frame-1171277488-2048x697.png 2048w\" sizes=\"auto, (max-width: 3840px) 100vw, 3840px\" \/>\n\t\t\t\n\t\t\t\n\t\t\t\n\n\t\t<\/div>\n\n\t\t\n\n\t\t<div class=\"section-content relative\">\n\t\t\t\n<div class=\"row row-collapse align-center\"  id=\"row-866842500\">\n\n\t<div id=\"col-1300799523\" class=\"col medium-11 small-11 large-12\"  >\n\t\t\t\t<div class=\"col-inner\"  >\n\t\t\t\n\t\t\t\n\t<div id=\"text-3827067491\" class=\"text banner-text\">\n\t\t\n<h3 class=\"uppercase\">Ch\u00ednh s\u00e1ch b\u1ea3o m\u1eadt<\/h3>\n\t\t\n<style>\n#text-3827067491 {\n  text-align: left;\n}\n<\/style>\n\t<\/div>\n\t\n<p>Ch\u00fang t\u00f4i cam k\u1ebft b\u1ea3o v\u1ec7 s\u1ef1 ri\u00eang t\u01b0 c\u1ee7a kh\u00e1ch h\u00e0ng khi mua s\u1ea3n ph\u1ea9m t\u1ea1i trang web Vi\u1ec7t V\u01b0\u01a1ng Qu\u00fd T\u1eedu. D\u01b0\u1edbi \u0111\u00e2y l\u00e0 c\u00e1c nguy\u00ean t\u1eafc ch\u00fang t\u00f4i \u00e1p d\u1ee5ng:<\/p>\n<ol>\n<li>Thu th\u1eadp th\u00f4ng tin: Ch\u00fang t\u00f4i thu th\u1eadp h\u1ecd t\u00ean, \u0111\u1ecba ch\u1ec9, s\u1ed1 \u0111i\u1ec7n tho\u1ea1i, email v\u00e0 n\u1ed9i dung \u0111\u1eb7t h\u00e0ng c\u1ee7a b\u1ea1n nh\u1eb1m m\u1ee5c \u0111\u00edch giao h\u00e0ng v\u00e0 h\u1ed7 tr\u1ee3.<\/li>\n<li>L\u01b0u tr\u1eef d\u1eef li\u1ec7u: Th\u00f4ng tin \u0111\u01b0\u1ee3c l\u01b0u tr\u1eef tr\u00ean h\u1ec7 th\u1ed1ng v\u00e0 ch\u1ec9 d\u00f9ng cho m\u1ee5c \u0111\u00edch giao d\u1ecbch, ch\u0103m s\u00f3c kh\u00e1ch h\u00e0ng.<\/li>\n<li>B\u1ea3o m\u1eadt: Ch\u00fang t\u00f4i s\u1eed d\u1ee5ng c\u00e1c bi\u1ec7n ph\u00e1p k\u1ef9 thu\u1eadt \u0111\u1ec3 \u0111\u1ea3m b\u1ea3o an to\u00e0n cho th\u00f4ng tin kh\u00e1ch h\u00e0ng.<\/li>\n<li>Chia s\u1ebb d\u1eef li\u1ec7u: Tuy\u1ec7t \u0111\u1ed1i kh\u00f4ng b\u00e1n, trao \u0111\u1ed5i hay chia s\u1ebb th\u00f4ng tin cho b\u00ean th\u1ee9 ba khi ch\u01b0a c\u00f3 s\u1ef1 \u0111\u1ed3ng \u00fd.<\/li>\n<\/ol>\n\t\t<\/div>\n\t\t\t\t\t<\/div>\n\n\t\n<\/div>\n\t\t<\/div>\n\n\t\t\n<style>\n#section_1936213289 {\n  padding-top: 30px;\n  padding-bottom: 30px;\n}\n<\/style>\n\t<\/section>\n\t\n","protected":false},"excerpt":{"rendered":"","protected":false},"author":1,"featured_media":0,"parent":0,"menu_order":0,"comment_status":"closed","ping_status":"closed","template":"page-transparent-header-light.php","meta":{"footnotes":""},"class_list":["post-260","page","type-page","status-publish","hentry"],"_links":{"self":[{"href":"https:\/\/vietvuongquytuu.vn\/index.php?rest_route=\/wp\/v2\/pages\/260","targetHints":{"allow":["GET"]}}],"collection":[{"href":"https:\/\/vietvuongquytuu.vn\/index.php?rest_route=\/wp\/v2\/pages"}],"about":[{"href":"https:\/\/vietvuongquytuu.vn\/index.php?rest_route=\/wp\/v2\/types\/page"}],"author":[{"embeddable":true,"href":"https:\/\/vietvuongquytuu.vn\/index.php?rest_route=\/wp\/v2\/users\/1"}],"replies":[{"embeddable":true,"href":"https:\/\/vietvuongquytuu.vn\/index.php?rest_route=%2Fwp%2Fv2%2Fcomments&post=260"}],"version-history":[{"count":7,"href":"https:\/\/vietvuongquytuu.vn\/index.php?rest_route=\/wp\/v2\/pages\/260\/revisions"}],"predecessor-version":[{"id":281,"href":"https:\/\/vietvuongquytuu.vn\/index.php?rest_route=\/wp\/v2\/pages\/260\/revisions\/281"}],"wp:attachment":[{"href":"https:\/\/vietvuongquytuu.vn\/index.php?rest_route=%2Fwp%2Fv2%2Fmedia&parent=260"}],"curies":[{"name":"wp","href":"https:\/\/api.w.org\/{rel}","templated":true}]}}